{"id":203,"date":"2025-03-09T17:37:15","date_gmt":"2025-03-09T16:37:15","guid":{"rendered":"https:\/\/www.tigerdixie.com\/?page_id=203"},"modified":"2025-03-16T19:22:07","modified_gmt":"2025-03-16T18:22:07","slug":"benvenuti-nel-sito-dela-tiger-dixie-band","status":"publish","type":"page","link":"https:\/\/www.tigerdixie.com\/","title":{"rendered":"Benvenuti nel sito della Tiger Dixie Band"},"content":{"rendered":"\n<figure class=\"wp-block-image size-large\"><img loading=\"lazy\" decoding=\"async\" width=\"1024\" height=\"1024\" src=\"https:\/\/www.tigerdixie.com\/wp-content\/uploads\/2025\/03\/tiger-home-1024x1024.jpeg\" alt=\"\" class=\"wp-image-212\" srcset=\"https:\/\/www.tigerdixie.com\/wp-content\/uploads\/2025\/03\/tiger-home-1024x1024.jpeg 1024w, https:\/\/www.tigerdixie.com\/wp-content\/uploads\/2025\/03\/tiger-home-300x300.jpeg 300w, https:\/\/www.tigerdixie.com\/wp-content\/uploads\/2025\/03\/tiger-home-150x150.jpeg 150w, https:\/\/www.tigerdixie.com\/wp-content\/uploads\/2025\/03\/tiger-home-768x768.jpeg 768w, https:\/\/www.tigerdixie.com\/wp-content\/uploads\/2025\/03\/tiger-home.jpeg 1440w\" sizes=\"auto, (max-width: 1024px) 100vw, 1024px\" \/><\/figure>\n\n\n\n<p>La Tiger Dixie Band \u00e8 una delle poche band a livello internazionale, che si dedica sistematicamente al recupero del Jazz degli \u201canni ruggenti\u201d, proponendolo con un approccio interpretativo originale ed attuale.<br>Le atmosfere tipiche del New Orleans e del Chicago Style, del Charleston e del Ragtime, sono filologicamente rispettate nel timbro e nello spirito, anche per via dell\u2019utilizzo di alcuni strumenti originali dell\u2019epoca. Il sound generale \u00e8 per\u00f2 filtrato attraverso le esperienze musicali pi\u00f9 moderne dei singoli membri della Tiger Dixie Band, che si fondono sui vari piani dell\u2019esecuzione, dall\u2019arrangiamento all\u2019improvvisazione.<br>Ci\u00f2 fa s\u00ec che il repertorio del gruppo, anche quando questi si muove nel territorio tradizionale, non risulti un prodotto di carattere revivalistico, ma piuttosto espressione della volont\u00e0 di rendere evidente quanto questo genere musicale non sia invecchiato pi\u00f9 dello Swing, del Bebop o dell\u2019inossidabile \u201ccorpo\u201d degli standards. Alla base dei vari progetti della Tiger Dixie Band vi \u00e8 quindi l\u2019idea che la musica di Louis Armstrong, Jelly Roll Morton, Fats Waller, Bix Beiderbecke e degli altri giganti degli albori del 20\u00b0 secolo e del primo dopoguerra, ha pari nobilt\u00e0 delle altre correnti jazzistiche e pu\u00f2 essere ulteriormente sviscerata e riproposta ai nostri giorni senza ricadere in stucchevoli operazioni di ripristino conservativo.<\/p>\n\n\n\n<hr class=\"wp-block-separator has-alpha-channel-opacity\"\/>\n\n\n\n<p>The Tiger Dixie Band is one of the few international bands that systematically dedicates itself to reviving the jazz of the &#8220;Roaring Twenties,&#8221; presenting it with an original and contemporary interpretative approach.<br>The typical atmospheres of New Orleans and Chicago Style, Charleston, and Ragtime are faithfully respected in both tone and spirit, also thanks to the use of some original instruments from the era. However, the overall sound is filtered through the more modern musical experiences of the individual members of the Tiger Dixie Band, blending at various levels of performance, from arrangement to improvisation.<br>This ensures that the band&#8217;s repertoire, even when moving within traditional territory, does not result in a mere revivalist product but rather expresses the desire to highlight how this musical genre has not aged any more than Swing, Bebop, or the timeless body of jazz standards.<br>At the core of the Tiger Dixie Band&#8217;s various projects lies the idea that the music of Louis Armstrong, Jelly Roll Morton, Fats Waller, Bix Beiderbecke, and other giants of early 20th-century jazz and the post-war period holds the same nobility as other jazz currents and can be further explored and reinterpreted today without falling into tedious acts of conservative restoration.<\/p>\n","protected":false},"excerpt":{"rendered":"<p>La Tiger Dixie Band \u00e8 una delle poche band a livello internazionale, che si dedica sistematicamente al recupero del Jazz degli \u201canni ruggenti\u201d, proponendolo con un approccio interpretativo originale ed attuale.Le atmosfere tipiche del New Orleans e del Chicago Style, del Charleston e del Ragtime, sono filologicamente rispettate nel timbro e nello spirito, anche per [&hellip;]<\/p>\n","protected":false},"author":1,"featured_media":0,"parent":0,"menu_order":0,"comment_status":"closed","ping_status":"closed","template":"","meta":{"ocean_post_layout":"","ocean_both_sidebars_style":"","ocean_both_sidebars_content_width":0,"ocean_both_sidebars_sidebars_width":0,"ocean_sidebar":"","ocean_second_sidebar":"","ocean_disable_margins":"enable","ocean_add_body_class":"","ocean_shortcode_before_top_bar":"","ocean_shortcode_after_top_bar":"","ocean_shortcode_before_header":"","ocean_shortcode_after_header":"","ocean_has_shortcode":"","ocean_shortcode_after_title":"","ocean_shortcode_before_footer_widgets":"","ocean_shortcode_after_footer_widgets":"","ocean_shortcode_before_footer_bottom":"","ocean_shortcode_after_footer_bottom":"","ocean_display_top_bar":"default","ocean_display_header":"default","ocean_header_style":"","ocean_center_header_left_menu":"","ocean_custom_header_template":"","ocean_custom_logo":0,"ocean_custom_retina_logo":0,"ocean_custom_logo_max_width":0,"ocean_custom_logo_tablet_max_width":0,"ocean_custom_logo_mobile_max_width":0,"ocean_custom_logo_max_height":0,"ocean_custom_logo_tablet_max_height":0,"ocean_custom_logo_mobile_max_height":0,"ocean_header_custom_menu":"","ocean_menu_typo_font_family":"","ocean_menu_typo_font_subset":"","ocean_menu_typo_font_size":0,"ocean_menu_typo_font_size_tablet":0,"ocean_menu_typo_font_size_mobile":0,"ocean_menu_typo_font_size_unit":"px","ocean_menu_typo_font_weight":"","ocean_menu_typo_font_weight_tablet":"","ocean_menu_typo_font_weight_mobile":"","ocean_menu_typo_transform":"","ocean_menu_typo_transform_tablet":"","ocean_menu_typo_transform_mobile":"","ocean_menu_typo_line_height":0,"ocean_menu_typo_line_height_tablet":0,"ocean_menu_typo_line_height_mobile":0,"ocean_menu_typo_line_height_unit":"","ocean_menu_typo_spacing":0,"ocean_menu_typo_spacing_tablet":0,"ocean_menu_typo_spacing_mobile":0,"ocean_menu_typo_spacing_unit":"","ocean_menu_link_color":"","ocean_menu_link_color_hover":"","ocean_menu_link_color_active":"","ocean_menu_link_background":"","ocean_menu_link_hover_background":"","ocean_menu_link_active_background":"","ocean_menu_social_links_bg":"","ocean_menu_social_hover_links_bg":"","ocean_menu_social_links_color":"","ocean_menu_social_hover_links_color":"","ocean_disable_title":"default","ocean_disable_heading":"default","ocean_post_title":"","ocean_post_subheading":"","ocean_post_title_style":"","ocean_post_title_background_color":"","ocean_post_title_background":0,"ocean_post_title_bg_image_position":"","ocean_post_title_bg_image_attachment":"","ocean_post_title_bg_image_repeat":"","ocean_post_title_bg_image_size":"","ocean_post_title_height":0,"ocean_post_title_bg_overlay":0.5,"ocean_post_title_bg_overlay_color":"","ocean_disable_breadcrumbs":"default","ocean_breadcrumbs_color":"","ocean_breadcrumbs_separator_color":"","ocean_breadcrumbs_links_color":"","ocean_breadcrumbs_links_hover_color":"","ocean_display_footer_widgets":"default","ocean_display_footer_bottom":"default","ocean_custom_footer_template":"","omw_enable_modal_window":"enable","footnotes":""},"class_list":["post-203","page","type-page","status-publish","hentry","entry"],"yoast_head":"<!-- This site is optimized with the Yoast SEO plugin v27.3 - https:\/\/yoast.com\/product\/yoast-seo-wordpress\/ -->\r\n<title>Benvenuti nel sito della Tiger Dixie Band - TIGERDIXIEBAND<\/title>\r\n<meta name=\"robots\" content=\"index, follow, max-snippet:-1, max-image-preview:large, max-video-preview:-1\" \/>\r\n<link rel=\"canonical\" href=\"https:\/\/www.tigerdixie.com\/\" \/>\r\n<meta property=\"og:locale\" content=\"it_IT\" \/>\r\n<meta property=\"og:type\" content=\"article\" \/>\r\n<meta property=\"og:title\" content=\"Benvenuti nel sito della Tiger Dixie Band - TIGERDIXIEBAND\" \/>\r\n<meta property=\"og:description\" content=\"La Tiger Dixie Band \u00e8 una delle poche band a livello internazionale, che si dedica sistematicamente al recupero del Jazz degli \u201canni ruggenti\u201d, proponendolo con un approccio interpretativo originale ed attuale.Le atmosfere tipiche del New Orleans e del Chicago Style, del Charleston e del Ragtime, sono filologicamente rispettate nel timbro e nello spirito, anche per [&hellip;]\" \/>\r\n<meta property=\"og:url\" content=\"https:\/\/www.tigerdixie.com\/\" \/>\r\n<meta property=\"og:site_name\" content=\"TIGERDIXIEBAND\" \/>\r\n<meta property=\"article:publisher\" content=\"https:\/\/www.facebook.com\/profile.php?id=100063671672198&amp;locale=it_IT\" \/>\r\n<meta property=\"article:modified_time\" content=\"2025-03-16T18:22:07+00:00\" \/>\r\n<meta property=\"og:image\" content=\"https:\/\/www.tigerdixie.com\/wp-content\/uploads\/2025\/03\/tiger-home-1024x1024.jpeg\" \/>\r\n<meta name=\"twitter:card\" content=\"summary_large_image\" \/>\r\n<meta name=\"twitter:label1\" content=\"Tempo di lettura stimato\" \/>\n\t<meta name=\"twitter:data1\" content=\"2 minuti\" \/>\r\n<script type=\"application\/ld+json\" class=\"yoast-schema-graph\">{\"@context\":\"https:\\\/\\\/schema.org\",\"@graph\":[{\"@type\":\"WebPage\",\"@id\":\"https:\\\/\\\/www.tigerdixie.com\\\/\",\"url\":\"https:\\\/\\\/www.tigerdixie.com\\\/\",\"name\":\"Benvenuti nel sito della Tiger Dixie Band - TIGERDIXIEBAND\",\"isPartOf\":{\"@id\":\"https:\\\/\\\/www.tigerdixie.com\\\/#website\"},\"primaryImageOfPage\":{\"@id\":\"https:\\\/\\\/www.tigerdixie.com\\\/#primaryimage\"},\"image\":{\"@id\":\"https:\\\/\\\/www.tigerdixie.com\\\/#primaryimage\"},\"thumbnailUrl\":\"https:\\\/\\\/www.tigerdixie.com\\\/wp-content\\\/uploads\\\/2025\\\/03\\\/tiger-home-1024x1024.jpeg\",\"datePublished\":\"2025-03-09T16:37:15+00:00\",\"dateModified\":\"2025-03-16T18:22:07+00:00\",\"breadcrumb\":{\"@id\":\"https:\\\/\\\/www.tigerdixie.com\\\/#breadcrumb\"},\"inLanguage\":\"it-IT\",\"potentialAction\":[{\"@type\":\"ReadAction\",\"target\":[\"https:\\\/\\\/www.tigerdixie.com\\\/\"]}]},{\"@type\":\"ImageObject\",\"inLanguage\":\"it-IT\",\"@id\":\"https:\\\/\\\/www.tigerdixie.com\\\/#primaryimage\",\"url\":\"https:\\\/\\\/www.tigerdixie.com\\\/wp-content\\\/uploads\\\/2025\\\/03\\\/tiger-home.jpeg\",\"contentUrl\":\"https:\\\/\\\/www.tigerdixie.com\\\/wp-content\\\/uploads\\\/2025\\\/03\\\/tiger-home.jpeg\",\"width\":1440,\"height\":1440},{\"@type\":\"BreadcrumbList\",\"@id\":\"https:\\\/\\\/www.tigerdixie.com\\\/#breadcrumb\",\"itemListElement\":[{\"@type\":\"ListItem\",\"position\":1,\"name\":\"Home\",\"item\":\"https:\\\/\\\/www.tigerdixie.com\\\/\"},{\"@type\":\"ListItem\",\"position\":2,\"name\":\"Benvenuti nel sito della Tiger Dixie Band\"}]},{\"@type\":\"WebSite\",\"@id\":\"https:\\\/\\\/www.tigerdixie.com\\\/#website\",\"url\":\"https:\\\/\\\/www.tigerdixie.com\\\/\",\"name\":\"tigerdixie.com\",\"description\":\"La Tiger Dixie Band \u00e8 una delle poche band a livello internazionale, che si dedica sistematicamente al recupero del Jazz degli \u201canni ruggenti\u201d, proponendolo con un approccio interpretativo originale ed attuale.\",\"publisher\":{\"@id\":\"https:\\\/\\\/www.tigerdixie.com\\\/#organization\"},\"potentialAction\":[{\"@type\":\"SearchAction\",\"target\":{\"@type\":\"EntryPoint\",\"urlTemplate\":\"https:\\\/\\\/www.tigerdixie.com\\\/?s={search_term_string}\"},\"query-input\":{\"@type\":\"PropertyValueSpecification\",\"valueRequired\":true,\"valueName\":\"search_term_string\"}}],\"inLanguage\":\"it-IT\"},{\"@type\":\"Organization\",\"@id\":\"https:\\\/\\\/www.tigerdixie.com\\\/#organization\",\"name\":\"tigerdixie.com\",\"url\":\"https:\\\/\\\/www.tigerdixie.com\\\/\",\"logo\":{\"@type\":\"ImageObject\",\"inLanguage\":\"it-IT\",\"@id\":\"https:\\\/\\\/www.tigerdixie.com\\\/#\\\/schema\\\/logo\\\/image\\\/\",\"url\":\"https:\\\/\\\/www.tigerdixie.com\\\/wp-content\\\/uploads\\\/2025\\\/03\\\/cropped-TigerDixieBand_Q-scaled-1-e1741457836261.jpg\",\"contentUrl\":\"https:\\\/\\\/www.tigerdixie.com\\\/wp-content\\\/uploads\\\/2025\\\/03\\\/cropped-TigerDixieBand_Q-scaled-1-e1741457836261.jpg\",\"width\":400,\"height\":150,\"caption\":\"tigerdixie.com\"},\"image\":{\"@id\":\"https:\\\/\\\/www.tigerdixie.com\\\/#\\\/schema\\\/logo\\\/image\\\/\"},\"sameAs\":[\"https:\\\/\\\/www.facebook.com\\\/profile.php?id=100063671672198&locale=it_IT\",\"https:\\\/\\\/www.instagram.com\\\/tiger_dixie_band\\\/\"]}]}<\/script>\r\n<!-- \/ Yoast SEO plugin. -->","yoast_head_json":{"title":"Benvenuti nel sito della Tiger Dixie Band - TIGERDIXIEBAND","robots":{"index":"index","follow":"follow","max-snippet":"max-snippet:-1","max-image-preview":"max-image-preview:large","max-video-preview":"max-video-preview:-1"},"canonical":"https:\/\/www.tigerdixie.com\/","og_locale":"it_IT","og_type":"article","og_title":"Benvenuti nel sito della Tiger Dixie Band - TIGERDIXIEBAND","og_description":"La Tiger Dixie Band \u00e8 una delle poche band a livello internazionale, che si dedica sistematicamente al recupero del Jazz degli \u201canni ruggenti\u201d, proponendolo con un approccio interpretativo originale ed attuale.Le atmosfere tipiche del New Orleans e del Chicago Style, del Charleston e del Ragtime, sono filologicamente rispettate nel timbro e nello spirito, anche per [&hellip;]","og_url":"https:\/\/www.tigerdixie.com\/","og_site_name":"TIGERDIXIEBAND","article_publisher":"https:\/\/www.facebook.com\/profile.php?id=100063671672198&locale=it_IT","article_modified_time":"2025-03-16T18:22:07+00:00","og_image":[{"url":"https:\/\/www.tigerdixie.com\/wp-content\/uploads\/2025\/03\/tiger-home-1024x1024.jpeg","type":"","width":"","height":""}],"twitter_card":"summary_large_image","twitter_misc":{"Tempo di lettura stimato":"2 minuti"},"schema":{"@context":"https:\/\/schema.org","@graph":[{"@type":"WebPage","@id":"https:\/\/www.tigerdixie.com\/","url":"https:\/\/www.tigerdixie.com\/","name":"Benvenuti nel sito della Tiger Dixie Band - TIGERDIXIEBAND","isPartOf":{"@id":"https:\/\/www.tigerdixie.com\/#website"},"primaryImageOfPage":{"@id":"https:\/\/www.tigerdixie.com\/#primaryimage"},"image":{"@id":"https:\/\/www.tigerdixie.com\/#primaryimage"},"thumbnailUrl":"https:\/\/www.tigerdixie.com\/wp-content\/uploads\/2025\/03\/tiger-home-1024x1024.jpeg","datePublished":"2025-03-09T16:37:15+00:00","dateModified":"2025-03-16T18:22:07+00:00","breadcrumb":{"@id":"https:\/\/www.tigerdixie.com\/#breadcrumb"},"inLanguage":"it-IT","potentialAction":[{"@type":"ReadAction","target":["https:\/\/www.tigerdixie.com\/"]}]},{"@type":"ImageObject","inLanguage":"it-IT","@id":"https:\/\/www.tigerdixie.com\/#primaryimage","url":"https:\/\/www.tigerdixie.com\/wp-content\/uploads\/2025\/03\/tiger-home.jpeg","contentUrl":"https:\/\/www.tigerdixie.com\/wp-content\/uploads\/2025\/03\/tiger-home.jpeg","width":1440,"height":1440},{"@type":"BreadcrumbList","@id":"https:\/\/www.tigerdixie.com\/#breadcrumb","itemListElement":[{"@type":"ListItem","position":1,"name":"Home","item":"https:\/\/www.tigerdixie.com\/"},{"@type":"ListItem","position":2,"name":"Benvenuti nel sito della Tiger Dixie Band"}]},{"@type":"WebSite","@id":"https:\/\/www.tigerdixie.com\/#website","url":"https:\/\/www.tigerdixie.com\/","name":"tigerdixie.com","description":"La Tiger Dixie Band \u00e8 una delle poche band a livello internazionale, che si dedica sistematicamente al recupero del Jazz degli \u201canni ruggenti\u201d, proponendolo con un approccio interpretativo originale ed attuale.","publisher":{"@id":"https:\/\/www.tigerdixie.com\/#organization"},"potentialAction":[{"@type":"SearchAction","target":{"@type":"EntryPoint","urlTemplate":"https:\/\/www.tigerdixie.com\/?s={search_term_string}"},"query-input":{"@type":"PropertyValueSpecification","valueRequired":true,"valueName":"search_term_string"}}],"inLanguage":"it-IT"},{"@type":"Organization","@id":"https:\/\/www.tigerdixie.com\/#organization","name":"tigerdixie.com","url":"https:\/\/www.tigerdixie.com\/","logo":{"@type":"ImageObject","inLanguage":"it-IT","@id":"https:\/\/www.tigerdixie.com\/#\/schema\/logo\/image\/","url":"https:\/\/www.tigerdixie.com\/wp-content\/uploads\/2025\/03\/cropped-TigerDixieBand_Q-scaled-1-e1741457836261.jpg","contentUrl":"https:\/\/www.tigerdixie.com\/wp-content\/uploads\/2025\/03\/cropped-TigerDixieBand_Q-scaled-1-e1741457836261.jpg","width":400,"height":150,"caption":"tigerdixie.com"},"image":{"@id":"https:\/\/www.tigerdixie.com\/#\/schema\/logo\/image\/"},"sameAs":["https:\/\/www.facebook.com\/profile.php?id=100063671672198&locale=it_IT","https:\/\/www.instagram.com\/tiger_dixie_band\/"]}]}},"_links":{"self":[{"href":"https:\/\/www.tigerdixie.com\/index.php\/wp-json\/wp\/v2\/pages\/203","targetHints":{"allow":["GET"]}}],"collection":[{"href":"https:\/\/www.tigerdixie.com\/index.php\/wp-json\/wp\/v2\/pages"}],"about":[{"href":"https:\/\/www.tigerdixie.com\/index.php\/wp-json\/wp\/v2\/types\/page"}],"author":[{"embeddable":true,"href":"https:\/\/www.tigerdixie.com\/index.php\/wp-json\/wp\/v2\/users\/1"}],"replies":[{"embeddable":true,"href":"https:\/\/www.tigerdixie.com\/index.php\/wp-json\/wp\/v2\/comments?post=203"}],"version-history":[{"count":4,"href":"https:\/\/www.tigerdixie.com\/index.php\/wp-json\/wp\/v2\/pages\/203\/revisions"}],"predecessor-version":[{"id":268,"href":"https:\/\/www.tigerdixie.com\/index.php\/wp-json\/wp\/v2\/pages\/203\/revisions\/268"}],"wp:attachment":[{"href":"https:\/\/www.tigerdixie.com\/index.php\/wp-json\/wp\/v2\/media?parent=203"}],"curies":[{"name":"wp","href":"https:\/\/api.w.org\/{rel}","templated":true}]}}