{"id":18,"date":"2025-03-08T21:21:24","date_gmt":"2025-03-08T20:21:24","guid":{"rendered":"https:\/\/www.tigerdixie.com\/?page_id=18"},"modified":"2025-03-09T08:21:03","modified_gmt":"2025-03-09T07:21:03","slug":"bix","status":"publish","type":"page","link":"https:\/\/www.tigerdixie.com\/index.php\/bix\/","title":{"rendered":"Bix"},"content":{"rendered":"\n<p><strong>Bix<\/strong><br><em>Velut Luna CVLD 04900<\/em><\/p>\n\n\n\n<figure class=\"wp-block-image is-resized\"><img decoding=\"async\" src=\"https:\/\/www.tigerdixie.com\/OLD_WEB\/immaginitdb\/cover_bix2.jpg\" alt=\"\" style=\"width:150px\"\/><\/figure>\n\n\n\n<p>Per chi ama il jazz Bix Beiderbecke \u00e8 una figura epica, ma non sono molti a sapere quanto il suo repertorio, lo stile e le formazioni di cui egli ha fatto parte abbiano influenzato il Jazz a venire. Nella sua breve vita (nacque a Davenport il 10 marzo 1903 e mor\u00ec a New York il 7 agosto del 1931) dimostr\u00f2 un incredibile talento, che lo port\u00f2 ad essere considerato uno dei pi\u00f9 grandi improvvisatori della sua epoca. La Tiger Dixie Band, che gi\u00e0 gli ha tributato uno dei quadri musicali nel CD &#8220;Just Here, Right There&#8221;, dedicato al Jazz degli emigranti, propone per il 2003 un programma concertistico ed un nuovo CD interamente dedicati alla sua opera. Come caratteristico della Tiger Dixie Band, non si tratta di un&#8217;operazione meramente revivalistica, ma piuttosto di una lettura che attraverso l&#8217;utilizzo di sonorit\u00e0 originali dell&#8217;epoca (tra cui oltre alla cornetta, quelle del clarinetto in metallo, C-melody sax, sax basso, banjo e chitarra acustica), cerca di dare una nuova luce ad alcune composizioni tratte dal suo repertorio, anche per mezzo di nuovi arrangiamenti assolutamente inediti. Il programma \u00e8 completato da alcuni brani originali, scritti dai membri della Tiger Dixie Band, che ricreano le atmosfere degli anni venti filtrandole attraverso le esperienze pi\u00f9 moderne. Il progetto si inserisce sulla linea gi\u00e0 tracciata dal primo disco, inerente la valorizzazione della componente poli-culturale nella genesi del Jazz. Continua cos\u00ec il percorso della Tiger Dixie Band che partendo dal Jazz degli albori, crea un ponte tra la tradizione e il tempo in cui viviamo.<\/p>\n\n\n\n<figure class=\"wp-block-embed is-type-rich is-provider-spotify wp-block-embed-spotify wp-embed-aspect-21-9 wp-has-aspect-ratio\"><div class=\"wp-block-embed__wrapper\">\n<div class=\"oceanwp-oembed-wrap clr\"><iframe title=\"Spotify Embed: Bix\" style=\"border-radius: 12px\" width=\"100%\" height=\"352\" frameborder=\"0\" allowfullscreen allow=\"autoplay; clipboard-write; encrypted-media; fullscreen; picture-in-picture\" loading=\"lazy\" src=\"https:\/\/open.spotify.com\/embed\/album\/6wYtLWxm1S4vlytqZEyW4I?si=0gVCh5XAQle-YnbGHo8lpw&#038;utm_source=oembed\"><\/iframe><\/div>\n<\/div><\/figure>\n\n\n\n\n\n\n\n<p><\/p>\n","protected":false},"excerpt":{"rendered":"<p>BixVelut Luna CVLD 04900 Per chi ama il jazz Bix Beiderbecke \u00e8 una figura epica, ma non sono molti a sapere quanto il suo repertorio, lo stile e le formazioni di cui egli ha fatto parte abbiano influenzato il Jazz a venire. Nella sua breve vita (nacque a Davenport il 10 marzo 1903 e mor\u00ec [&hellip;]<\/p>\n","protected":false},"author":1,"featured_media":0,"parent":0,"menu_order":0,"comment_status":"closed","ping_status":"closed","template":"","meta":{"ocean_post_layout":"","ocean_both_sidebars_style":"","ocean_both_sidebars_content_width":0,"ocean_both_sidebars_sidebars_width":0,"ocean_sidebar":"","ocean_second_sidebar":"","ocean_disable_margins":"enable","ocean_add_body_class":"","ocean_shortcode_before_top_bar":"","ocean_shortcode_after_top_bar":"","ocean_shortcode_before_header":"","ocean_shortcode_after_header":"","ocean_has_shortcode":"","ocean_shortcode_after_title":"","ocean_shortcode_before_footer_widgets":"","ocean_shortcode_after_footer_widgets":"","ocean_shortcode_before_footer_bottom":"","ocean_shortcode_after_footer_bottom":"","ocean_display_top_bar":"default","ocean_display_header":"default","ocean_header_style":"","ocean_center_header_left_menu":"","ocean_custom_header_template":"","ocean_custom_logo":0,"ocean_custom_retina_logo":0,"ocean_custom_logo_max_width":0,"ocean_custom_logo_tablet_max_width":0,"ocean_custom_logo_mobile_max_width":0,"ocean_custom_logo_max_height":0,"ocean_custom_logo_tablet_max_height":0,"ocean_custom_logo_mobile_max_height":0,"ocean_header_custom_menu":"","ocean_menu_typo_font_family":"","ocean_menu_typo_font_subset":"","ocean_menu_typo_font_size":0,"ocean_menu_typo_font_size_tablet":0,"ocean_menu_typo_font_size_mobile":0,"ocean_menu_typo_font_size_unit":"px","ocean_menu_typo_font_weight":"","ocean_menu_typo_font_weight_tablet":"","ocean_menu_typo_font_weight_mobile":"","ocean_menu_typo_transform":"","ocean_menu_typo_transform_tablet":"","ocean_menu_typo_transform_mobile":"","ocean_menu_typo_line_height":0,"ocean_menu_typo_line_height_tablet":0,"ocean_menu_typo_line_height_mobile":0,"ocean_menu_typo_line_height_unit":"","ocean_menu_typo_spacing":0,"ocean_menu_typo_spacing_tablet":0,"ocean_menu_typo_spacing_mobile":0,"ocean_menu_typo_spacing_unit":"","ocean_menu_link_color":"","ocean_menu_link_color_hover":"","ocean_menu_link_color_active":"","ocean_menu_link_background":"","ocean_menu_link_hover_background":"","ocean_menu_link_active_background":"","ocean_menu_social_links_bg":"","ocean_menu_social_hover_links_bg":"","ocean_menu_social_links_color":"","ocean_menu_social_hover_links_color":"","ocean_disable_title":"default","ocean_disable_heading":"default","ocean_post_title":"","ocean_post_subheading":"","ocean_post_title_style":"","ocean_post_title_background_color":"","ocean_post_title_background":0,"ocean_post_title_bg_image_position":"","ocean_post_title_bg_image_attachment":"","ocean_post_title_bg_image_repeat":"","ocean_post_title_bg_image_size":"","ocean_post_title_height":0,"ocean_post_title_bg_overlay":0.5,"ocean_post_title_bg_overlay_color":"","ocean_disable_breadcrumbs":"default","ocean_breadcrumbs_color":"","ocean_breadcrumbs_separator_color":"","ocean_breadcrumbs_links_color":"","ocean_breadcrumbs_links_hover_color":"","ocean_display_footer_widgets":"default","ocean_display_footer_bottom":"default","ocean_custom_footer_template":"","omw_enable_modal_window":"enable","footnotes":""},"class_list":["post-18","page","type-page","status-publish","hentry","entry"],"yoast_head":"<!-- This site is optimized with the Yoast SEO plugin v27.4 - https:\/\/yoast.com\/product\/yoast-seo-wordpress\/ -->\r\n<title>Bix - TIGERDIXIEBAND<\/title>\r\n<meta name=\"robots\" content=\"index, follow, max-snippet:-1, max-image-preview:large, max-video-preview:-1\" \/>\r\n<link rel=\"canonical\" href=\"https:\/\/www.tigerdixie.com\/index.php\/bix\/\" \/>\r\n<meta property=\"og:locale\" content=\"it_IT\" \/>\r\n<meta property=\"og:type\" content=\"article\" \/>\r\n<meta property=\"og:title\" content=\"Bix - TIGERDIXIEBAND\" \/>\r\n<meta property=\"og:description\" content=\"BixVelut Luna CVLD 04900 Per chi ama il jazz Bix Beiderbecke \u00e8 una figura epica, ma non sono molti a sapere quanto il suo repertorio, lo stile e le formazioni di cui egli ha fatto parte abbiano influenzato il Jazz a venire. Nella sua breve vita (nacque a Davenport il 10 marzo 1903 e mor\u00ec [&hellip;]\" \/>\r\n<meta property=\"og:url\" content=\"https:\/\/www.tigerdixie.com\/index.php\/bix\/\" \/>\r\n<meta property=\"og:site_name\" content=\"TIGERDIXIEBAND\" \/>\r\n<meta property=\"article:publisher\" content=\"https:\/\/www.facebook.com\/profile.php?id=100063671672198&amp;locale=it_IT\" \/>\r\n<meta property=\"article:modified_time\" content=\"2025-03-09T07:21:03+00:00\" \/>\r\n<meta property=\"og:image\" content=\"https:\/\/www.tigerdixie.com\/OLD_WEB\/immaginitdb\/cover_bix2.jpg\" \/>\r\n<meta name=\"twitter:card\" content=\"summary_large_image\" \/>\r\n<meta name=\"twitter:label1\" content=\"Tempo di lettura stimato\" \/>\n\t<meta name=\"twitter:data1\" content=\"1 minuto\" \/>\r\n<script type=\"application\/ld+json\" class=\"yoast-schema-graph\">{\"@context\":\"https:\\\/\\\/schema.org\",\"@graph\":[{\"@type\":\"WebPage\",\"@id\":\"https:\\\/\\\/www.tigerdixie.com\\\/index.php\\\/bix\\\/\",\"url\":\"https:\\\/\\\/www.tigerdixie.com\\\/index.php\\\/bix\\\/\",\"name\":\"Bix - TIGERDIXIEBAND\",\"isPartOf\":{\"@id\":\"https:\\\/\\\/www.tigerdixie.com\\\/#website\"},\"primaryImageOfPage\":{\"@id\":\"https:\\\/\\\/www.tigerdixie.com\\\/index.php\\\/bix\\\/#primaryimage\"},\"image\":{\"@id\":\"https:\\\/\\\/www.tigerdixie.com\\\/index.php\\\/bix\\\/#primaryimage\"},\"thumbnailUrl\":\"https:\\\/\\\/www.tigerdixie.com\\\/OLD_WEB\\\/immaginitdb\\\/cover_bix2.jpg\",\"datePublished\":\"2025-03-08T20:21:24+00:00\",\"dateModified\":\"2025-03-09T07:21:03+00:00\",\"breadcrumb\":{\"@id\":\"https:\\\/\\\/www.tigerdixie.com\\\/index.php\\\/bix\\\/#breadcrumb\"},\"inLanguage\":\"it-IT\",\"potentialAction\":[{\"@type\":\"ReadAction\",\"target\":[\"https:\\\/\\\/www.tigerdixie.com\\\/index.php\\\/bix\\\/\"]}]},{\"@type\":\"ImageObject\",\"inLanguage\":\"it-IT\",\"@id\":\"https:\\\/\\\/www.tigerdixie.com\\\/index.php\\\/bix\\\/#primaryimage\",\"url\":\"https:\\\/\\\/www.tigerdixie.com\\\/OLD_WEB\\\/immaginitdb\\\/cover_bix2.jpg\",\"contentUrl\":\"https:\\\/\\\/www.tigerdixie.com\\\/OLD_WEB\\\/immaginitdb\\\/cover_bix2.jpg\"},{\"@type\":\"BreadcrumbList\",\"@id\":\"https:\\\/\\\/www.tigerdixie.com\\\/index.php\\\/bix\\\/#breadcrumb\",\"itemListElement\":[{\"@type\":\"ListItem\",\"position\":1,\"name\":\"Home\",\"item\":\"https:\\\/\\\/www.tigerdixie.com\\\/\"},{\"@type\":\"ListItem\",\"position\":2,\"name\":\"Bix\"}]},{\"@type\":\"WebSite\",\"@id\":\"https:\\\/\\\/www.tigerdixie.com\\\/#website\",\"url\":\"https:\\\/\\\/www.tigerdixie.com\\\/\",\"name\":\"tigerdixie.com\",\"description\":\"La Tiger Dixie Band \u00e8 una delle poche band a livello internazionale, che si dedica sistematicamente al recupero del Jazz degli \u201canni ruggenti\u201d, proponendolo con un approccio interpretativo originale ed attuale.\",\"publisher\":{\"@id\":\"https:\\\/\\\/www.tigerdixie.com\\\/#organization\"},\"potentialAction\":[{\"@type\":\"SearchAction\",\"target\":{\"@type\":\"EntryPoint\",\"urlTemplate\":\"https:\\\/\\\/www.tigerdixie.com\\\/?s={search_term_string}\"},\"query-input\":{\"@type\":\"PropertyValueSpecification\",\"valueRequired\":true,\"valueName\":\"search_term_string\"}}],\"inLanguage\":\"it-IT\"},{\"@type\":\"Organization\",\"@id\":\"https:\\\/\\\/www.tigerdixie.com\\\/#organization\",\"name\":\"tigerdixie.com\",\"url\":\"https:\\\/\\\/www.tigerdixie.com\\\/\",\"logo\":{\"@type\":\"ImageObject\",\"inLanguage\":\"it-IT\",\"@id\":\"https:\\\/\\\/www.tigerdixie.com\\\/#\\\/schema\\\/logo\\\/image\\\/\",\"url\":\"https:\\\/\\\/www.tigerdixie.com\\\/wp-content\\\/uploads\\\/2025\\\/03\\\/cropped-TigerDixieBand_Q-scaled-1-e1741457836261.jpg\",\"contentUrl\":\"https:\\\/\\\/www.tigerdixie.com\\\/wp-content\\\/uploads\\\/2025\\\/03\\\/cropped-TigerDixieBand_Q-scaled-1-e1741457836261.jpg\",\"width\":400,\"height\":150,\"caption\":\"tigerdixie.com\"},\"image\":{\"@id\":\"https:\\\/\\\/www.tigerdixie.com\\\/#\\\/schema\\\/logo\\\/image\\\/\"},\"sameAs\":[\"https:\\\/\\\/www.facebook.com\\\/profile.php?id=100063671672198&locale=it_IT\",\"https:\\\/\\\/www.instagram.com\\\/tiger_dixie_band\\\/\"]}]}<\/script>\r\n<!-- \/ Yoast SEO plugin. -->","yoast_head_json":{"title":"Bix - TIGERDIXIEBAND","robots":{"index":"index","follow":"follow","max-snippet":"max-snippet:-1","max-image-preview":"max-image-preview:large","max-video-preview":"max-video-preview:-1"},"canonical":"https:\/\/www.tigerdixie.com\/index.php\/bix\/","og_locale":"it_IT","og_type":"article","og_title":"Bix - TIGERDIXIEBAND","og_description":"BixVelut Luna CVLD 04900 Per chi ama il jazz Bix Beiderbecke \u00e8 una figura epica, ma non sono molti a sapere quanto il suo repertorio, lo stile e le formazioni di cui egli ha fatto parte abbiano influenzato il Jazz a venire. Nella sua breve vita (nacque a Davenport il 10 marzo 1903 e mor\u00ec [&hellip;]","og_url":"https:\/\/www.tigerdixie.com\/index.php\/bix\/","og_site_name":"TIGERDIXIEBAND","article_publisher":"https:\/\/www.facebook.com\/profile.php?id=100063671672198&locale=it_IT","article_modified_time":"2025-03-09T07:21:03+00:00","og_image":[{"url":"https:\/\/www.tigerdixie.com\/OLD_WEB\/immaginitdb\/cover_bix2.jpg","type":"","width":"","height":""}],"twitter_card":"summary_large_image","twitter_misc":{"Tempo di lettura stimato":"1 minuto"},"schema":{"@context":"https:\/\/schema.org","@graph":[{"@type":"WebPage","@id":"https:\/\/www.tigerdixie.com\/index.php\/bix\/","url":"https:\/\/www.tigerdixie.com\/index.php\/bix\/","name":"Bix - TIGERDIXIEBAND","isPartOf":{"@id":"https:\/\/www.tigerdixie.com\/#website"},"primaryImageOfPage":{"@id":"https:\/\/www.tigerdixie.com\/index.php\/bix\/#primaryimage"},"image":{"@id":"https:\/\/www.tigerdixie.com\/index.php\/bix\/#primaryimage"},"thumbnailUrl":"https:\/\/www.tigerdixie.com\/OLD_WEB\/immaginitdb\/cover_bix2.jpg","datePublished":"2025-03-08T20:21:24+00:00","dateModified":"2025-03-09T07:21:03+00:00","breadcrumb":{"@id":"https:\/\/www.tigerdixie.com\/index.php\/bix\/#breadcrumb"},"inLanguage":"it-IT","potentialAction":[{"@type":"ReadAction","target":["https:\/\/www.tigerdixie.com\/index.php\/bix\/"]}]},{"@type":"ImageObject","inLanguage":"it-IT","@id":"https:\/\/www.tigerdixie.com\/index.php\/bix\/#primaryimage","url":"https:\/\/www.tigerdixie.com\/OLD_WEB\/immaginitdb\/cover_bix2.jpg","contentUrl":"https:\/\/www.tigerdixie.com\/OLD_WEB\/immaginitdb\/cover_bix2.jpg"},{"@type":"BreadcrumbList","@id":"https:\/\/www.tigerdixie.com\/index.php\/bix\/#breadcrumb","itemListElement":[{"@type":"ListItem","position":1,"name":"Home","item":"https:\/\/www.tigerdixie.com\/"},{"@type":"ListItem","position":2,"name":"Bix"}]},{"@type":"WebSite","@id":"https:\/\/www.tigerdixie.com\/#website","url":"https:\/\/www.tigerdixie.com\/","name":"tigerdixie.com","description":"La Tiger Dixie Band \u00e8 una delle poche band a livello internazionale, che si dedica sistematicamente al recupero del Jazz degli \u201canni ruggenti\u201d, proponendolo con un approccio interpretativo originale ed attuale.","publisher":{"@id":"https:\/\/www.tigerdixie.com\/#organization"},"potentialAction":[{"@type":"SearchAction","target":{"@type":"EntryPoint","urlTemplate":"https:\/\/www.tigerdixie.com\/?s={search_term_string}"},"query-input":{"@type":"PropertyValueSpecification","valueRequired":true,"valueName":"search_term_string"}}],"inLanguage":"it-IT"},{"@type":"Organization","@id":"https:\/\/www.tigerdixie.com\/#organization","name":"tigerdixie.com","url":"https:\/\/www.tigerdixie.com\/","logo":{"@type":"ImageObject","inLanguage":"it-IT","@id":"https:\/\/www.tigerdixie.com\/#\/schema\/logo\/image\/","url":"https:\/\/www.tigerdixie.com\/wp-content\/uploads\/2025\/03\/cropped-TigerDixieBand_Q-scaled-1-e1741457836261.jpg","contentUrl":"https:\/\/www.tigerdixie.com\/wp-content\/uploads\/2025\/03\/cropped-TigerDixieBand_Q-scaled-1-e1741457836261.jpg","width":400,"height":150,"caption":"tigerdixie.com"},"image":{"@id":"https:\/\/www.tigerdixie.com\/#\/schema\/logo\/image\/"},"sameAs":["https:\/\/www.facebook.com\/profile.php?id=100063671672198&locale=it_IT","https:\/\/www.instagram.com\/tiger_dixie_band\/"]}]}},"_links":{"self":[{"href":"https:\/\/www.tigerdixie.com\/index.php\/wp-json\/wp\/v2\/pages\/18","targetHints":{"allow":["GET"]}}],"collection":[{"href":"https:\/\/www.tigerdixie.com\/index.php\/wp-json\/wp\/v2\/pages"}],"about":[{"href":"https:\/\/www.tigerdixie.com\/index.php\/wp-json\/wp\/v2\/types\/page"}],"author":[{"embeddable":true,"href":"https:\/\/www.tigerdixie.com\/index.php\/wp-json\/wp\/v2\/users\/1"}],"replies":[{"embeddable":true,"href":"https:\/\/www.tigerdixie.com\/index.php\/wp-json\/wp\/v2\/comments?post=18"}],"version-history":[{"count":4,"href":"https:\/\/www.tigerdixie.com\/index.php\/wp-json\/wp\/v2\/pages\/18\/revisions"}],"predecessor-version":[{"id":184,"href":"https:\/\/www.tigerdixie.com\/index.php\/wp-json\/wp\/v2\/pages\/18\/revisions\/184"}],"wp:attachment":[{"href":"https:\/\/www.tigerdixie.com\/index.php\/wp-json\/wp\/v2\/media?parent=18"}],"curies":[{"name":"wp","href":"https:\/\/api.w.org\/{rel}","templated":true}]}}